{"id":33,"date":"2023-11-16T09:52:33","date_gmt":"2023-11-16T07:52:33","guid":{"rendered":"http:\/\/rahimitegez.de\/?page_id=33"},"modified":"2024-08-17T11:42:07","modified_gmt":"2024-08-17T08:42:07","slug":"f-a-q","status":"publish","type":"page","link":"http:\/\/rahimitegez.de\/en\/f-a-q\/","title":{"rendered":"F.A.Q"},"content":{"rendered":"<p><strong>1. Liefern Sie Pakete in andere L\u00e4nder?<\/strong><br \/>\nJa, wir versenden Pakete weltweit (au\u00dfer nach Russland, wo sie verbrannt werden) mit UKPOST und einer Sendungsnummer zur Nachverfolgung.<\/p>\n<p><strong>2. Wie viel kostet die Lieferung au\u00dferhalb der Ukraine?<\/strong><br \/>\nDie Versandkosten betragen zwischen 15 und 35 \u20ac, abh\u00e4ngig vom Gewicht und Volumen der Bestellung.<\/p>\n<p><strong>3. Wie versenden Sie in die Ukraine?<\/strong><br \/>\nInnerhalb der Ukraine versenden wir mit Nova Poshta.<\/p>\n<p><strong>4. Bieten Sie R\u00fccksendungen oder Umtausch an?<\/strong><br \/>\nNein, da alle Produkte auf Bestellung unter Ber\u00fccksichtigung Ihrer Ma\u00dfe gefertigt werden (Sie k\u00f6nnen uns jedoch jederzeit schreiben und wir k\u00f6nnen versuchen, zu verhandeln).<\/p>\n<p><strong>5. Wenn die Produkte auf Bestellung gen\u00e4ht werden, wie lange dauert die Produktion?<\/strong><br \/>\nNormalerweise dauert das N\u00e4hen des Produkts 3-5 Werktage.<\/p>\n<p><strong>6. Wenn die Gr\u00f6\u00dfe des Produkts nicht passt, kann ich Sondergr\u00f6\u00dfen w\u00e4hlen?<\/strong><br \/>\nJa, verwenden Sie hierzu das Formular bei der Bestellung und geben Sie Ihre Ma\u00dfe ein. Wir n\u00e4hen das Produkt entsprechend Ihrer Ma\u00dfe.<\/p>\n<p><strong>7. Welches Gr\u00f6\u00dfenraster?<\/strong><br \/>\nDie meisten unserer Produkte haben eine Standardgr\u00f6\u00dfe, da wir \u00dcbergr\u00f6\u00dfen n\u00e4hen, die mehreren Gr\u00f6\u00dfen gleichzeitig passen. Die Ma\u00dfe f\u00fcr jedes Produkt sind auf der Produktseite angegeben.<\/p>\n<p><strong>8. Wie nehme ich richtig Ma\u00df?<\/strong><br \/>\nF\u00fcr Schulterteile ben\u00f6tigen wir in der Regel Brust-, Taillen- und H\u00fcftma\u00dfe. F\u00fcr Taillenprodukte werden Taille, H\u00fcfte und die gew\u00fcnschte Produktl\u00e4nge ben\u00f6tigt. Brust- und H\u00fcftma\u00dfe werden an der breitesten Stelle gemessen. Die L\u00e4nge des Produkts wird von der Taille abw\u00e4rts gemessen.<\/p>","protected":false},"excerpt":{"rendered":"<p>1. Liefern Sie Pakete in andere L\u00e4nder? Ja, wir versenden Pakete weltweit (au\u00dfer nach Russland, wo sie verbrannt werden) mit UKPOST und einer Sendungsnummer zur Nachverfolgung. 2. Wie viel kostet die Lieferung au\u00dferhalb der Ukraine? Die Versandkosten betragen zwischen 15 und 35 \u20ac, abh\u00e4ngig vom Gewicht und Volumen der Bestellung. 3. Wie versenden Sie in [&hellip;]<\/p>\n","protected":false},"author":1,"featured_media":0,"parent":0,"menu_order":0,"comment_status":"closed","ping_status":"closed","template":"","meta":{"footnotes":""},"_links":{"self":[{"href":"http:\/\/rahimitegez.de\/en\/wp-json\/wp\/v2\/pages\/33"}],"collection":[{"href":"http:\/\/rahimitegez.de\/en\/wp-json\/wp\/v2\/pages"}],"about":[{"href":"http:\/\/rahimitegez.de\/en\/wp-json\/wp\/v2\/types\/page"}],"author":[{"embeddable":true,"href":"http:\/\/rahimitegez.de\/en\/wp-json\/wp\/v2\/users\/1"}],"replies":[{"embeddable":true,"href":"http:\/\/rahimitegez.de\/en\/wp-json\/wp\/v2\/comments?post=33"}],"version-history":[{"count":12,"href":"http:\/\/rahimitegez.de\/en\/wp-json\/wp\/v2\/pages\/33\/revisions"}],"predecessor-version":[{"id":412,"href":"http:\/\/rahimitegez.de\/en\/wp-json\/wp\/v2\/pages\/33\/revisions\/412"}],"wp:attachment":[{"href":"http:\/\/rahimitegez.de\/en\/wp-json\/wp\/v2\/media?parent=33"}],"curies":[{"name":"wp","href":"https:\/\/api.w.org\/{rel}","templated":true}]}}